{"id":34,"date":"2019-09-21T14:16:12","date_gmt":"2019-09-21T14:16:12","guid":{"rendered":"https:\/\/joergmagener.ch\/?page_id=34"},"modified":"2021-07-27T11:50:59","modified_gmt":"2021-07-27T11:50:59","slug":"referenzen","status":"publish","type":"page","link":"https:\/\/joergmagener.ch\/index.php\/referenzen\/","title":{"rendered":"Referenzen"},"content":{"rendered":"\n<p><strong>Restaurierung in denkmalgesch\u00fctzten Objekten<\/strong><\/p>\n\n\n\n<ul class=\"wp-block-gallery columns-3 is-cropped\"><li class=\"blocks-gallery-item\"><figure><img loading=\"lazy\" width=\"1024\" height=\"681\" src=\"https:\/\/joergmagener.ch\/wp-content\/uploads\/2019\/09\/NIK5060-1-1024x681.jpg\" alt=\"\" data-id=\"111\" data-link=\"https:\/\/joergmagener.ch\/index.php\/referenzen\/nik5060-1\/\" class=\"wp-image-111\" srcset=\"https:\/\/joergmagener.ch\/wp-content\/uploads\/2019\/09\/NIK5060-1-1024x681.jpg 1024w, https:\/\/joergmagener.ch\/wp-content\/uploads\/2019\/09\/NIK5060-1-300x200.jpg 300w, https:\/\/joergmagener.ch\/wp-content\/uploads\/2019\/09\/NIK5060-1-768x511.jpg 768w\" sizes=\"(max-width: 767px) 89vw, (max-width: 1000px) 54vw, (max-width: 1071px) 543px, 580px\" \/><\/figure><\/li><li class=\"blocks-gallery-item\"><figure><img loading=\"lazy\" width=\"1024\" height=\"703\" src=\"https:\/\/joergmagener.ch\/wp-content\/uploads\/2019\/09\/000010600016-1024x703.jpg\" alt=\"\" data-id=\"114\" data-link=\"https:\/\/joergmagener.ch\/index.php\/referenzen\/attachment\/000010600016\/\" class=\"wp-image-114\" srcset=\"https:\/\/joergmagener.ch\/wp-content\/uploads\/2019\/09\/000010600016-1024x703.jpg 1024w, https:\/\/joergmagener.ch\/wp-content\/uploads\/2019\/09\/000010600016-300x206.jpg 300w, https:\/\/joergmagener.ch\/wp-content\/uploads\/2019\/09\/000010600016-768x527.jpg 768w\" sizes=\"(max-width: 767px) 89vw, (max-width: 1000px) 54vw, (max-width: 1071px) 543px, 580px\" \/><\/figure><\/li><li class=\"blocks-gallery-item\"><figure><img loading=\"lazy\" width=\"1024\" height=\"681\" src=\"https:\/\/joergmagener.ch\/wp-content\/uploads\/2019\/09\/NIK4500-1-1024x681.jpg\" alt=\"\" data-id=\"115\" data-link=\"https:\/\/joergmagener.ch\/index.php\/referenzen\/nik4500-1\/\" class=\"wp-image-115\" srcset=\"https:\/\/joergmagener.ch\/wp-content\/uploads\/2019\/09\/NIK4500-1-1024x681.jpg 1024w, https:\/\/joergmagener.ch\/wp-content\/uploads\/2019\/09\/NIK4500-1-300x200.jpg 300w, https:\/\/joergmagener.ch\/wp-content\/uploads\/2019\/09\/NIK4500-1-768x511.jpg 768w\" sizes=\"(max-width: 767px) 89vw, (max-width: 1000px) 54vw, (max-width: 1071px) 543px, 580px\" \/><\/figure><\/li><li class=\"blocks-gallery-item\"><figure><img loading=\"lazy\" width=\"1024\" height=\"683\" src=\"https:\/\/joergmagener.ch\/wp-content\/uploads\/2019\/09\/L1020761-1024x683.jpg\" alt=\"\" data-id=\"116\" data-link=\"https:\/\/joergmagener.ch\/index.php\/referenzen\/l1020761\/\" class=\"wp-image-116\" srcset=\"https:\/\/joergmagener.ch\/wp-content\/uploads\/2019\/09\/L1020761-1024x683.jpg 1024w, https:\/\/joergmagener.ch\/wp-content\/uploads\/2019\/09\/L1020761-300x200.jpg 300w, https:\/\/joergmagener.ch\/wp-content\/uploads\/2019\/09\/L1020761-768x512.jpg 768w\" sizes=\"(max-width: 767px) 89vw, (max-width: 1000px) 54vw, (max-width: 1071px) 543px, 580px\" \/><\/figure><\/li><li class=\"blocks-gallery-item\"><figure><img loading=\"lazy\" width=\"1024\" height=\"689\" src=\"https:\/\/joergmagener.ch\/wp-content\/uploads\/2019\/09\/L1024194-1024x689.jpg\" alt=\"\" data-id=\"117\" data-link=\"https:\/\/joergmagener.ch\/index.php\/referenzen\/l1024194\/\" class=\"wp-image-117\" srcset=\"https:\/\/joergmagener.ch\/wp-content\/uploads\/2019\/09\/L1024194-1024x689.jpg 1024w, https:\/\/joergmagener.ch\/wp-content\/uploads\/2019\/09\/L1024194-300x202.jpg 300w, https:\/\/joergmagener.ch\/wp-content\/uploads\/2019\/09\/L1024194-768x517.jpg 768w\" sizes=\"(max-width: 767px) 89vw, (max-width: 1000px) 54vw, (max-width: 1071px) 543px, 580px\" \/><\/figure><\/li><\/ul>\n\n\n\n<p>Landesmuseum, Z\u00fcrich: Historische Zimmer (Casa\nPestalozzi, Rosenburg, Seidenhof)<\/p>\n\n\n\n<p>Parlamentsgeb\u00e4ude, Bern: Nationalratssaal,\nJournalistenzimmer, Wandelhalle <\/p>\n\n\n\n<p>Museum B\u00e4rengasse, Z\u00fcrich: Holzvert\u00e4felungen,\nT\u00fcren<\/p>\n\n\n\n<p>Klosterkirche Rheinau: Chorgest\u00fchl<\/p>\n\n\n\n<p>Villa Patumbah, Z\u00fcrich: Holzvert\u00e4felungen<\/p>\n\n\n\n<p>Villa Gr\u00fcnberg, W\u00e4denswil: Holzvert\u00e4felungen<\/p>\n\n\n\n<p>Zunfthaus Zur Zimmerleuten, Z\u00fcrich: Grosser\nund Kleiner Zunftsaal<\/p>\n\n\n\n<p>Schweizerische Nationalbank, Z\u00fcrich: Direktionsr\u00e4ume<\/p>\n\n\n\n<p>Kirche R\u00fcschlikon: Kanzel <\/p>\n\n\n\n<p>Kirche Meilen: Kirchenmobiliar<\/p>\n\n\n\n<p>Kathedrale Chur: Chorgest\u00fchl<\/p>\n\n\n\n<p>Kirche Hombrechtikon: Kirchenmobiliar<\/p>\n\n\n\n<p>Bundesexperte, Bundesamt f\u00fcr Kultur,\nHeimatschutz und Denkmalpflege<\/p>\n\n\n\n<p>Dozent CAS Angewandte Kunstwissenschaft: Material\nund Technik, SIK-ISEA, Z\u00fcrich<\/p>\n\n\n\n<p>Mitglied des <a href=\"http:\/\/www.vsar.ch\">Verbandes\nSchweizerischer Antiquare und Restauratoren<\/a> <\/p>\n","protected":false},"excerpt":{"rendered":"<p>Restaurierung in denkmalgesch\u00fctzten Objekten Landesmuseum, Z\u00fcrich: Historische Zimmer (Casa Pestalozzi, Rosenburg, Seidenhof) Parlamentsgeb\u00e4ude, Bern: Nationalratssaal, Journalistenzimmer, Wandelhalle Museum B\u00e4rengasse, Z\u00fcrich: Holzvert\u00e4felungen, T\u00fcren Klosterkirche Rheinau: Chorgest\u00fchl Villa Patumbah, Z\u00fcrich: Holzvert\u00e4felungen Villa Gr\u00fcnberg, W\u00e4denswil: Holzvert\u00e4felungen Zunfthaus Zur Zimmerleuten, Z\u00fcrich: Grosser und Kleiner Zunftsaal Schweizerische Nationalbank, Z\u00fcrich: Direktionsr\u00e4ume Kirche R\u00fcschlikon: Kanzel Kirche Meilen: Kirchenmobiliar Kathedrale Chur: Chorgest\u00fchl Kirche &hellip; <\/p>\n<p class=\"link-more\"><a href=\"https:\/\/joergmagener.ch\/index.php\/referenzen\/\" class=\"more-link\">Continue reading<span class=\"screen-reader-text\"> &#8220;Referenzen&#8221;<\/span><\/a><\/p>\n","protected":false},"author":1,"featured_media":0,"parent":0,"menu_order":0,"comment_status":"closed","ping_status":"closed","template":"","meta":[],"_links":{"self":[{"href":"https:\/\/joergmagener.ch\/index.php\/wp-json\/wp\/v2\/pages\/34"}],"collection":[{"href":"https:\/\/joergmagener.ch\/index.php\/wp-json\/wp\/v2\/pages"}],"about":[{"href":"https:\/\/joergmagener.ch\/index.php\/wp-json\/wp\/v2\/types\/page"}],"author":[{"embeddable":true,"href":"https:\/\/joergmagener.ch\/index.php\/wp-json\/wp\/v2\/users\/1"}],"replies":[{"embeddable":true,"href":"https:\/\/joergmagener.ch\/index.php\/wp-json\/wp\/v2\/comments?post=34"}],"version-history":[{"count":8,"href":"https:\/\/joergmagener.ch\/index.php\/wp-json\/wp\/v2\/pages\/34\/revisions"}],"predecessor-version":[{"id":124,"href":"https:\/\/joergmagener.ch\/index.php\/wp-json\/wp\/v2\/pages\/34\/revisions\/124"}],"wp:attachment":[{"href":"https:\/\/joergmagener.ch\/index.php\/wp-json\/wp\/v2\/media?parent=34"}],"curies":[{"name":"wp","href":"https:\/\/api.w.org\/{rel}","templated":true}]}}