{"id":56,"date":"2019-09-21T14:44:53","date_gmt":"2019-09-21T14:44:53","guid":{"rendered":"https:\/\/joergmagener.ch\/?page_id=56"},"modified":"2019-09-24T17:10:22","modified_gmt":"2019-09-24T17:10:22","slug":"der-ursprungliche-charakter","status":"publish","type":"page","link":"https:\/\/joergmagener.ch\/index.php\/home\/der-ursprungliche-charakter\/","title":{"rendered":"Der urspr\u00fcngliche Charakter"},"content":{"rendered":"\n<p>Authentizit\u00e4t l\u00e4sst sich erhalten: Wir arbeiten mit den Techniken und Materialien von damals. Schellackpolituren, Wachs, Tinkturen und Knochenleim stellen wir nach \u00fcberlieferten Rezepten her. Fehlende Holz- und Furnierteile erg\u00e4nzen wir aus unserem Vorrat an alten H\u00f6lzern.<\/p>\n\n\n\n<figure class=\"wp-block-image\"><img loading=\"lazy\" width=\"1024\" height=\"801\" src=\"https:\/\/joergmagener.ch\/wp-content\/uploads\/2019\/09\/restaurieren-1024x801.jpg\" alt=\"\" class=\"wp-image-118\" srcset=\"https:\/\/joergmagener.ch\/wp-content\/uploads\/2019\/09\/restaurieren-1024x801.jpg 1024w, https:\/\/joergmagener.ch\/wp-content\/uploads\/2019\/09\/restaurieren-300x235.jpg 300w, https:\/\/joergmagener.ch\/wp-content\/uploads\/2019\/09\/restaurieren-768x601.jpg 768w, https:\/\/joergmagener.ch\/wp-content\/uploads\/2019\/09\/restaurieren.jpg 1559w\" sizes=\"(max-width: 767px) 89vw, (max-width: 1000px) 54vw, (max-width: 1071px) 543px, 580px\" \/><\/figure>\n\n\n\n<p>Stilsichere Erg\u00e4nzungen und historisch korrekte Restaurierung geh\u00f6ren ebenso zu unseren Leitlinien wie die Reversibilit\u00e4t der Eingriffe. Damit halten wir zuk\u00fcnftigen Generationen, die vielleicht eine andere Auffassung dar\u00fcber pflegen, was Restaurierung ist, den Weg offen.<\/p>\n\n\n\n<p>So garantieren wir Ihnen eine Arbeit, die sich an denkmalpflegerischen Grunds\u00e4tzen orientiert und die den Charakter Ihres M\u00f6bels respektiert.<\/p>\n","protected":false},"excerpt":{"rendered":"<p>Authentizit\u00e4t l\u00e4sst sich erhalten: Wir arbeiten mit den Techniken und Materialien von damals. Schellackpolituren, Wachs, Tinkturen und Knochenleim stellen wir nach \u00fcberlieferten Rezepten her. Fehlende Holz- und Furnierteile erg\u00e4nzen wir aus unserem Vorrat an alten H\u00f6lzern. Stilsichere Erg\u00e4nzungen und historisch korrekte Restaurierung geh\u00f6ren ebenso zu unseren Leitlinien wie die Reversibilit\u00e4t der Eingriffe. Damit halten wir &hellip; <\/p>\n<p class=\"link-more\"><a href=\"https:\/\/joergmagener.ch\/index.php\/home\/der-ursprungliche-charakter\/\" class=\"more-link\">Continue reading<span class=\"screen-reader-text\"> &#8220;Der urspr\u00fcngliche Charakter&#8221;<\/span><\/a><\/p>\n","protected":false},"author":1,"featured_media":0,"parent":8,"menu_order":0,"comment_status":"closed","ping_status":"closed","template":"","meta":[],"_links":{"self":[{"href":"https:\/\/joergmagener.ch\/index.php\/wp-json\/wp\/v2\/pages\/56"}],"collection":[{"href":"https:\/\/joergmagener.ch\/index.php\/wp-json\/wp\/v2\/pages"}],"about":[{"href":"https:\/\/joergmagener.ch\/index.php\/wp-json\/wp\/v2\/types\/page"}],"author":[{"embeddable":true,"href":"https:\/\/joergmagener.ch\/index.php\/wp-json\/wp\/v2\/users\/1"}],"replies":[{"embeddable":true,"href":"https:\/\/joergmagener.ch\/index.php\/wp-json\/wp\/v2\/comments?post=56"}],"version-history":[{"count":2,"href":"https:\/\/joergmagener.ch\/index.php\/wp-json\/wp\/v2\/pages\/56\/revisions"}],"predecessor-version":[{"id":119,"href":"https:\/\/joergmagener.ch\/index.php\/wp-json\/wp\/v2\/pages\/56\/revisions\/119"}],"up":[{"embeddable":true,"href":"https:\/\/joergmagener.ch\/index.php\/wp-json\/wp\/v2\/pages\/8"}],"wp:attachment":[{"href":"https:\/\/joergmagener.ch\/index.php\/wp-json\/wp\/v2\/media?parent=56"}],"curies":[{"name":"wp","href":"https:\/\/api.w.org\/{rel}","templated":true}]}}