{"id":8,"date":"2019-09-21T14:09:37","date_gmt":"2019-09-21T14:09:37","guid":{"rendered":"https:\/\/joergmagener.ch\/?page_id=8"},"modified":"2019-09-24T17:05:17","modified_gmt":"2019-09-24T17:05:17","slug":"home","status":"publish","type":"page","link":"https:\/\/joergmagener.ch\/","title":{"rendered":"Das Atelier"},"content":{"rendered":"\n<p>Das Atelier Magener kombiniert seine \u00fcber dreissigj\u00e4hrige Erfahrung in der Restaurierung hochwertiger Antiquit\u00e4ten mit kunsthistorischem Wissen und fundiertem handwerklichem K\u00f6nnen.<\/p>\n\n\n\n<figure class=\"wp-block-image\"><img loading=\"lazy\" width=\"834\" height=\"620\" src=\"https:\/\/joergmagener.ch\/wp-content\/uploads\/2019\/09\/Werkzeuge.jpg\" alt=\"\" class=\"wp-image-108\" srcset=\"https:\/\/joergmagener.ch\/wp-content\/uploads\/2019\/09\/Werkzeuge.jpg 834w, https:\/\/joergmagener.ch\/wp-content\/uploads\/2019\/09\/Werkzeuge-300x223.jpg 300w, https:\/\/joergmagener.ch\/wp-content\/uploads\/2019\/09\/Werkzeuge-768x571.jpg 768w\" sizes=\"(max-width: 767px) 89vw, (max-width: 1000px) 54vw, (max-width: 1071px) 543px, 580px\" \/><\/figure>\n\n\n\n<p>Antiquit\u00e4ten sind zeitlos \u2013 aber auch dem Verfall preisgegeben. Damit sie die Zeit \u00fcberdauern, m\u00fcssen sie professionell restauriert werden.<\/p>\n\n\n\n<p>Jedes antike M\u00f6bel ist Zeuge einer Vergangenheit, die wir mit ihm am Leben erhalten. Denn das wertvollste an einem antiken St\u00fcck ist seine Geschichte, sichtbar in den Spuren auf der alten Oberfl\u00e4che. Diese Patina gilt es zu bewahren. Restaurieren ist Vertrauenssache.<\/p>\n","protected":false},"excerpt":{"rendered":"<p>Das Atelier Magener kombiniert seine \u00fcber dreissigj\u00e4hrige Erfahrung in der Restaurierung hochwertiger Antiquit\u00e4ten mit kunsthistorischem Wissen und fundiertem handwerklichem K\u00f6nnen. Antiquit\u00e4ten sind zeitlos \u2013 aber auch dem Verfall preisgegeben. Damit sie die Zeit \u00fcberdauern, m\u00fcssen sie professionell restauriert werden. Jedes antike M\u00f6bel ist Zeuge einer Vergangenheit, die wir mit ihm am Leben erhalten. Denn das &hellip; <\/p>\n<p class=\"link-more\"><a href=\"https:\/\/joergmagener.ch\/\" class=\"more-link\">Continue reading<span class=\"screen-reader-text\"> &#8220;Das Atelier&#8221;<\/span><\/a><\/p>\n","protected":false},"author":1,"featured_media":0,"parent":0,"menu_order":0,"comment_status":"closed","ping_status":"closed","template":"","meta":[],"_links":{"self":[{"href":"https:\/\/joergmagener.ch\/index.php\/wp-json\/wp\/v2\/pages\/8"}],"collection":[{"href":"https:\/\/joergmagener.ch\/index.php\/wp-json\/wp\/v2\/pages"}],"about":[{"href":"https:\/\/joergmagener.ch\/index.php\/wp-json\/wp\/v2\/types\/page"}],"author":[{"embeddable":true,"href":"https:\/\/joergmagener.ch\/index.php\/wp-json\/wp\/v2\/users\/1"}],"replies":[{"embeddable":true,"href":"https:\/\/joergmagener.ch\/index.php\/wp-json\/wp\/v2\/comments?post=8"}],"version-history":[{"count":11,"href":"https:\/\/joergmagener.ch\/index.php\/wp-json\/wp\/v2\/pages\/8\/revisions"}],"predecessor-version":[{"id":110,"href":"https:\/\/joergmagener.ch\/index.php\/wp-json\/wp\/v2\/pages\/8\/revisions\/110"}],"wp:attachment":[{"href":"https:\/\/joergmagener.ch\/index.php\/wp-json\/wp\/v2\/media?parent=8"}],"curies":[{"name":"wp","href":"https:\/\/api.w.org\/{rel}","templated":true}]}}