{"id":80,"date":"2019-09-21T15:15:47","date_gmt":"2019-09-21T15:15:47","guid":{"rendered":"https:\/\/joergmagener.ch\/?page_id=80"},"modified":"2019-09-24T17:13:58","modified_gmt":"2019-09-24T17:13:58","slug":"objektbezogene-restaurierung","status":"publish","type":"page","link":"https:\/\/joergmagener.ch\/index.php\/home\/objektbezogene-restaurierung\/","title":{"rendered":"Objektbezogene Restaurierung"},"content":{"rendered":"\n<figure class=\"wp-block-image\"><img loading=\"lazy\" width=\"1024\" height=\"814\" src=\"https:\/\/joergmagener.ch\/wp-content\/uploads\/2019\/09\/St.16-l-1024x814.jpg\" alt=\"\" class=\"wp-image-120\" srcset=\"https:\/\/joergmagener.ch\/wp-content\/uploads\/2019\/09\/St.16-l-1024x814.jpg 1024w, https:\/\/joergmagener.ch\/wp-content\/uploads\/2019\/09\/St.16-l-300x238.jpg 300w, https:\/\/joergmagener.ch\/wp-content\/uploads\/2019\/09\/St.16-l-768x610.jpg 768w, https:\/\/joergmagener.ch\/wp-content\/uploads\/2019\/09\/St.16-l.jpg 1766w\" sizes=\"(max-width: 767px) 89vw, (max-width: 1000px) 54vw, (max-width: 1071px) 543px, 580px\" \/><\/figure>\n\n\n\n<p>Eine Louis XV-Kommode mit abgel\u00f6stem Intarsienfurnier, die ausgebleichte gewachste Oberfl\u00e4che eines englischen Sekret\u00e4rs oder ein barocker Wellenschrank mit fehlenden Holzteilen: sie alle erfordern eine individuelle Behandlung. Sachgerechtes Restaurieren bedeutet, den Aufwand im Verh\u00e4ltnis zum Wert des Objektes zu beurteilen. Oft steckt hinter einem unscheinbaren St\u00fcck ein kostbares M\u00f6bel. Doch nicht nur der materielle, auch der ideelle Wert spielt eine wichtige Rolle: Beides rechtfertigt die Restaurierung beim Fachmann.<\/p>\n\n\n\n<p>T\u00e4glicher Gebrauch nutzt Ihre Antiquit\u00e4ten ab. Der Glanz verblasst, ein Bein bricht, Schubladen klemmen, Schl\u00f6sser schliessen nicht mehr. Sorgf\u00e4ltige Restaurierung ber\u00fccksichtigt nicht nur konstruktive Details. Sie rettet nat\u00fcrlich gealterte Oberfl\u00e4chen, anstatt sie abzuschleifen<\/p>\n","protected":false},"excerpt":{"rendered":"<p>Eine Louis XV-Kommode mit abgel\u00f6stem Intarsienfurnier, die ausgebleichte gewachste Oberfl\u00e4che eines englischen Sekret\u00e4rs oder ein barocker Wellenschrank mit fehlenden Holzteilen: sie alle erfordern eine individuelle Behandlung. Sachgerechtes Restaurieren bedeutet, den Aufwand im Verh\u00e4ltnis zum Wert des Objektes zu beurteilen. Oft steckt hinter einem unscheinbaren St\u00fcck ein kostbares M\u00f6bel. Doch nicht nur der materielle, auch der &hellip; <\/p>\n<p class=\"link-more\"><a href=\"https:\/\/joergmagener.ch\/index.php\/home\/objektbezogene-restaurierung\/\" class=\"more-link\">Continue reading<span class=\"screen-reader-text\"> &#8220;Objektbezogene Restaurierung&#8221;<\/span><\/a><\/p>\n","protected":false},"author":1,"featured_media":0,"parent":8,"menu_order":0,"comment_status":"closed","ping_status":"closed","template":"","meta":[],"_links":{"self":[{"href":"https:\/\/joergmagener.ch\/index.php\/wp-json\/wp\/v2\/pages\/80"}],"collection":[{"href":"https:\/\/joergmagener.ch\/index.php\/wp-json\/wp\/v2\/pages"}],"about":[{"href":"https:\/\/joergmagener.ch\/index.php\/wp-json\/wp\/v2\/types\/page"}],"author":[{"embeddable":true,"href":"https:\/\/joergmagener.ch\/index.php\/wp-json\/wp\/v2\/users\/1"}],"replies":[{"embeddable":true,"href":"https:\/\/joergmagener.ch\/index.php\/wp-json\/wp\/v2\/comments?post=80"}],"version-history":[{"count":2,"href":"https:\/\/joergmagener.ch\/index.php\/wp-json\/wp\/v2\/pages\/80\/revisions"}],"predecessor-version":[{"id":121,"href":"https:\/\/joergmagener.ch\/index.php\/wp-json\/wp\/v2\/pages\/80\/revisions\/121"}],"up":[{"embeddable":true,"href":"https:\/\/joergmagener.ch\/index.php\/wp-json\/wp\/v2\/pages\/8"}],"wp:attachment":[{"href":"https:\/\/joergmagener.ch\/index.php\/wp-json\/wp\/v2\/media?parent=80"}],"curies":[{"name":"wp","href":"https:\/\/api.w.org\/{rel}","templated":true}]}}